{"id":9207,"date":"2025-02-12T09:50:31","date_gmt":"2025-02-12T09:50:31","guid":{"rendered":"https:\/\/www.cymmrodorion.org\/y-gymdeithas\/pwy-yw-pwy\/aelodau-cyngor\/tomos-rhys-edwards\/"},"modified":"2025-02-12T09:52:14","modified_gmt":"2025-02-12T09:52:14","slug":"tomos-rhys-edwards","status":"publish","type":"page","link":"https:\/\/www.cymmrodorion.org\/cy\/y-gymdeithas\/pwy-yw-pwy\/aelodau-cyngor\/tomos-rhys-edwards\/","title":{"rendered":"Tomos Rhys Edwards"},"content":{"rendered":"\n<p>Tomos Rhys Edwards, yw Uwch Is-lywydd a Phennaeth Cyfathrebu adran Ewrop, Y Dwyrain Canol ac Affrica ar gyfer adran Ymchwil ac Economeg yn Bank of America, y banc byd-eang.\u00a0<\/p>\n<p>Mae adran Ymchwil Bank of America ar y brig yn gyson, yng nghylchgrawn\u00a0<em>Institutional Investor\/Extel<\/em>,ac yn cael ei ystyried y banc blaenllaw fel darparwr.<\/p>\n<p>Yn ei r\u00f4l, mae Tomos yn goruchwylio cyfathrebu mewnol, allanol a gweithredol, gan gydweithio \u00e2 chyfryngau print a darlledu haen uchaf i wellhau brand y cwmni ar draws y rhanbarth.<\/p>\n<p>Mae hefyd yn cydlynu cyfranogiad yr adran mewn cyfryngau cyflogedig, nawdd a digwyddiadau. Ymunodd \u00e2 Banc America yn 2005, a daw Tomos \u00e2 dros 25 mlynedd o brofiad yn ei r\u00f4l fel gweithiwr cyfathrebu marchnata proffesiynol yn y sectorau preifat a chyhoeddus.<\/p>\n<p>Mae ei yrfa wedi cynnwys rolau ymgynghori a mewnol mewn sefydliadau fel Text100, FTI Consulting, Llywodraeth Cymru, a BNY Mellon. Mae Tomos wedi darparu arweiniad marchnata a chyfathrebu i gyrff cyhoeddus, cwmn\u00efau rhestredig, a busnesau entrepreneuraidd ar draws amrywiol ddiwydiannau, o fewn y DU ac yn rhyngwladol. Mae ganddo hanes profedig o ddiffinio, datblygu a gweithredu strategaethau cyfathrebu, cysylltiadau \u00e2&#8217;r cyfryngau, rheoli cyllidebau, arweinu t\u00eem, a gweithio gydag asiantau.<\/p>\n<p>Roedd ei yrfa cynnar yn y sector FMCG. Mae gan Tomos Ddiploma \u00d4l-raddedig o\u2019r Ysgol Newyddiaduraeth, y Cyfryngau a Diwylliant, Caerdydd, a gradd mewn Daeareg o Brifysgol Caerdydd. Mae wedi dal swyddi fel Aelod Cyngor o&#8217;r PRCA (CMPRCA), Ysgrifennydd y cangenau Sefydliad Siartredig Cysylltiadau Cyhoeddus (CIPR) Llundain a Cymru, a chyn aelod o fwrdd Cymry yn Llundain, sefydliad rhwydweithio ar gyfer gweithwyr proffesiynol yng Nghymru a Llundain. Bu&#8217;n aelod o Lys Prifysgol Caerdydd rhwng 2011 a 2019.<\/p>\n","protected":false},"excerpt":{"rendered":"<p>Tomos Rhys Edwards, yw Uwch Is-lywydd a Phennaeth Cyfathrebu adran Ewrop, Y Dwyrain Canol ac Affrica ar gyfer adran Ymchwil ac Economeg yn Bank of America, y banc byd-eang.\u00a0 Mae [&hellip;]<\/p>\n","protected":false},"author":1,"featured_media":9206,"parent":185,"menu_order":0,"comment_status":"closed","ping_status":"closed","template":"","meta":{"_acf_changed":false,"footnotes":""},"class_list":["post-9207","page","type-page","status-publish","has-post-thumbnail","hentry"],"acf":[],"yoast_head":"<!-- This site is optimized with the Yoast SEO plugin v27.4 - https:\/\/yoast.com\/product\/yoast-seo-wordpress\/ -->\n<title>Tomos Rhys Edwards - Anrhydeddus Gymdeithas y Cymmrodorion<\/title>\n<meta name=\"robots\" content=\"index, follow, max-snippet:-1, max-image-preview:large, max-video-preview:-1\" \/>\n<link rel=\"canonical\" href=\"https:\/\/www.cymmrodorion.org\/cy\/y-gymdeithas\/pwy-yw-pwy\/aelodau-cyngor\/tomos-rhys-edwards\/\" \/>\n<meta property=\"og:locale\" content=\"en_US\" \/>\n<meta property=\"og:type\" content=\"article\" \/>\n<meta property=\"og:title\" content=\"Tomos Rhys Edwards - Anrhydeddus Gymdeithas y Cymmrodorion\" \/>\n<meta property=\"og:description\" content=\"Tomos Rhys Edwards, yw Uwch Is-lywydd a Phennaeth Cyfathrebu adran Ewrop, Y Dwyrain Canol ac Affrica ar gyfer adran Ymchwil ac Economeg yn Bank of America, y banc byd-eang.\u00a0 Mae [&hellip;]\" \/>\n<meta property=\"og:url\" content=\"https:\/\/www.cymmrodorion.org\/cy\/y-gymdeithas\/pwy-yw-pwy\/aelodau-cyngor\/tomos-rhys-edwards\/\" \/>\n<meta property=\"og:site_name\" content=\"Anrhydeddus Gymdeithas y Cymmrodorion\" \/>\n<meta property=\"article:modified_time\" content=\"2025-02-12T09:52:14+00:00\" \/>\n<meta property=\"og:image\" content=\"https:\/\/www.cymmrodorion.org\/wp-content\/uploads\/2025\/02\/Photo-TRE-Dec2024.jpeg\" \/>\n\t<meta property=\"og:image:width\" content=\"183\" \/>\n\t<meta property=\"og:image:height\" content=\"320\" \/>\n\t<meta property=\"og:image:type\" content=\"image\/jpeg\" \/>\n<meta name=\"twitter:label1\" content=\"Est. reading time\" \/>\n\t<meta name=\"twitter:data1\" content=\"2 minutes\" \/>\n<script type=\"application\/ld+json\" class=\"yoast-schema-graph\">{\"@context\":\"https:\\\/\\\/schema.org\",\"@graph\":[{\"@type\":\"WebPage\",\"@id\":\"https:\\\/\\\/www.cymmrodorion.org\\\/cy\\\/y-gymdeithas\\\/pwy-yw-pwy\\\/aelodau-cyngor\\\/tomos-rhys-edwards\\\/\",\"url\":\"https:\\\/\\\/www.cymmrodorion.org\\\/cy\\\/y-gymdeithas\\\/pwy-yw-pwy\\\/aelodau-cyngor\\\/tomos-rhys-edwards\\\/\",\"name\":\"Tomos Rhys Edwards - Anrhydeddus Gymdeithas y Cymmrodorion\",\"isPartOf\":{\"@id\":\"https:\\\/\\\/www.cymmrodorion.org\\\/#website\"},\"primaryImageOfPage\":{\"@id\":\"https:\\\/\\\/www.cymmrodorion.org\\\/cy\\\/y-gymdeithas\\\/pwy-yw-pwy\\\/aelodau-cyngor\\\/tomos-rhys-edwards\\\/#primaryimage\"},\"image\":{\"@id\":\"https:\\\/\\\/www.cymmrodorion.org\\\/cy\\\/y-gymdeithas\\\/pwy-yw-pwy\\\/aelodau-cyngor\\\/tomos-rhys-edwards\\\/#primaryimage\"},\"thumbnailUrl\":\"https:\\\/\\\/www.cymmrodorion.org\\\/wp-content\\\/uploads\\\/2025\\\/02\\\/Photo-TRE-Dec2024.jpeg\",\"datePublished\":\"2025-02-12T09:50:31+00:00\",\"dateModified\":\"2025-02-12T09:52:14+00:00\",\"breadcrumb\":{\"@id\":\"https:\\\/\\\/www.cymmrodorion.org\\\/cy\\\/y-gymdeithas\\\/pwy-yw-pwy\\\/aelodau-cyngor\\\/tomos-rhys-edwards\\\/#breadcrumb\"},\"inLanguage\":\"cy\",\"potentialAction\":[{\"@type\":\"ReadAction\",\"target\":[\"https:\\\/\\\/www.cymmrodorion.org\\\/cy\\\/y-gymdeithas\\\/pwy-yw-pwy\\\/aelodau-cyngor\\\/tomos-rhys-edwards\\\/\"]}]},{\"@type\":\"ImageObject\",\"inLanguage\":\"cy\",\"@id\":\"https:\\\/\\\/www.cymmrodorion.org\\\/cy\\\/y-gymdeithas\\\/pwy-yw-pwy\\\/aelodau-cyngor\\\/tomos-rhys-edwards\\\/#primaryimage\",\"url\":\"https:\\\/\\\/www.cymmrodorion.org\\\/wp-content\\\/uploads\\\/2025\\\/02\\\/Photo-TRE-Dec2024.jpeg\",\"contentUrl\":\"https:\\\/\\\/www.cymmrodorion.org\\\/wp-content\\\/uploads\\\/2025\\\/02\\\/Photo-TRE-Dec2024.jpeg\",\"width\":183,\"height\":320,\"caption\":\"Tomos Rhys Edwards\"},{\"@type\":\"BreadcrumbList\",\"@id\":\"https:\\\/\\\/www.cymmrodorion.org\\\/cy\\\/y-gymdeithas\\\/pwy-yw-pwy\\\/aelodau-cyngor\\\/tomos-rhys-edwards\\\/#breadcrumb\",\"itemListElement\":[{\"@type\":\"ListItem\",\"position\":1,\"name\":\"Cartref\",\"item\":\"https:\\\/\\\/www.cymmrodorion.org\\\/cy\\\/\"},{\"@type\":\"ListItem\",\"position\":2,\"name\":\"Y Gymdeithas\",\"item\":\"https:\\\/\\\/www.cymmrodorion.org\\\/cy\\\/y-gymdeithas\\\/\"},{\"@type\":\"ListItem\",\"position\":3,\"name\":\"Pwy Yw Pwy\",\"item\":\"https:\\\/\\\/www.cymmrodorion.org\\\/cy\\\/y-gymdeithas\\\/pwy-yw-pwy\\\/\"},{\"@type\":\"ListItem\",\"position\":4,\"name\":\"Aelodau Cyngor\",\"item\":\"https:\\\/\\\/www.cymmrodorion.org\\\/cy\\\/y-gymdeithas\\\/pwy-yw-pwy\\\/aelodau-cyngor\\\/\"},{\"@type\":\"ListItem\",\"position\":5,\"name\":\"Tomos Rhys Edwards\"}]},{\"@type\":\"WebSite\",\"@id\":\"https:\\\/\\\/www.cymmrodorion.org\\\/#website\",\"url\":\"https:\\\/\\\/www.cymmrodorion.org\\\/\",\"name\":\"Anrhydeddus Gymdeithas y Cymmrodorion\",\"description\":\"Hyrwyddo iaith, llenyddiaeth, celfyddydau a gwyddoniaeth Cymru\",\"potentialAction\":[{\"@type\":\"SearchAction\",\"target\":{\"@type\":\"EntryPoint\",\"urlTemplate\":\"https:\\\/\\\/www.cymmrodorion.org\\\/?s={search_term_string}\"},\"query-input\":{\"@type\":\"PropertyValueSpecification\",\"valueRequired\":true,\"valueName\":\"search_term_string\"}}],\"inLanguage\":\"cy\"}]}<\/script>\n<!-- \/ Yoast SEO plugin. -->","yoast_head_json":{"title":"Tomos Rhys Edwards - Anrhydeddus Gymdeithas y Cymmrodorion","robots":{"index":"index","follow":"follow","max-snippet":"max-snippet:-1","max-image-preview":"max-image-preview:large","max-video-preview":"max-video-preview:-1"},"canonical":"https:\/\/www.cymmrodorion.org\/cy\/y-gymdeithas\/pwy-yw-pwy\/aelodau-cyngor\/tomos-rhys-edwards\/","og_locale":"en_US","og_type":"article","og_title":"Tomos Rhys Edwards - Anrhydeddus Gymdeithas y Cymmrodorion","og_description":"Tomos Rhys Edwards, yw Uwch Is-lywydd a Phennaeth Cyfathrebu adran Ewrop, Y Dwyrain Canol ac Affrica ar gyfer adran Ymchwil ac Economeg yn Bank of America, y banc byd-eang.\u00a0 Mae [&hellip;]","og_url":"https:\/\/www.cymmrodorion.org\/cy\/y-gymdeithas\/pwy-yw-pwy\/aelodau-cyngor\/tomos-rhys-edwards\/","og_site_name":"Anrhydeddus Gymdeithas y Cymmrodorion","article_modified_time":"2025-02-12T09:52:14+00:00","og_image":[{"width":183,"height":320,"url":"https:\/\/www.cymmrodorion.org\/wp-content\/uploads\/2025\/02\/Photo-TRE-Dec2024.jpeg","type":"image\/jpeg"}],"twitter_misc":{"Est. reading time":"2 minutes"},"schema":{"@context":"https:\/\/schema.org","@graph":[{"@type":"WebPage","@id":"https:\/\/www.cymmrodorion.org\/cy\/y-gymdeithas\/pwy-yw-pwy\/aelodau-cyngor\/tomos-rhys-edwards\/","url":"https:\/\/www.cymmrodorion.org\/cy\/y-gymdeithas\/pwy-yw-pwy\/aelodau-cyngor\/tomos-rhys-edwards\/","name":"Tomos Rhys Edwards - Anrhydeddus Gymdeithas y Cymmrodorion","isPartOf":{"@id":"https:\/\/www.cymmrodorion.org\/#website"},"primaryImageOfPage":{"@id":"https:\/\/www.cymmrodorion.org\/cy\/y-gymdeithas\/pwy-yw-pwy\/aelodau-cyngor\/tomos-rhys-edwards\/#primaryimage"},"image":{"@id":"https:\/\/www.cymmrodorion.org\/cy\/y-gymdeithas\/pwy-yw-pwy\/aelodau-cyngor\/tomos-rhys-edwards\/#primaryimage"},"thumbnailUrl":"https:\/\/www.cymmrodorion.org\/wp-content\/uploads\/2025\/02\/Photo-TRE-Dec2024.jpeg","datePublished":"2025-02-12T09:50:31+00:00","dateModified":"2025-02-12T09:52:14+00:00","breadcrumb":{"@id":"https:\/\/www.cymmrodorion.org\/cy\/y-gymdeithas\/pwy-yw-pwy\/aelodau-cyngor\/tomos-rhys-edwards\/#breadcrumb"},"inLanguage":"cy","potentialAction":[{"@type":"ReadAction","target":["https:\/\/www.cymmrodorion.org\/cy\/y-gymdeithas\/pwy-yw-pwy\/aelodau-cyngor\/tomos-rhys-edwards\/"]}]},{"@type":"ImageObject","inLanguage":"cy","@id":"https:\/\/www.cymmrodorion.org\/cy\/y-gymdeithas\/pwy-yw-pwy\/aelodau-cyngor\/tomos-rhys-edwards\/#primaryimage","url":"https:\/\/www.cymmrodorion.org\/wp-content\/uploads\/2025\/02\/Photo-TRE-Dec2024.jpeg","contentUrl":"https:\/\/www.cymmrodorion.org\/wp-content\/uploads\/2025\/02\/Photo-TRE-Dec2024.jpeg","width":183,"height":320,"caption":"Tomos Rhys Edwards"},{"@type":"BreadcrumbList","@id":"https:\/\/www.cymmrodorion.org\/cy\/y-gymdeithas\/pwy-yw-pwy\/aelodau-cyngor\/tomos-rhys-edwards\/#breadcrumb","itemListElement":[{"@type":"ListItem","position":1,"name":"Cartref","item":"https:\/\/www.cymmrodorion.org\/cy\/"},{"@type":"ListItem","position":2,"name":"Y Gymdeithas","item":"https:\/\/www.cymmrodorion.org\/cy\/y-gymdeithas\/"},{"@type":"ListItem","position":3,"name":"Pwy Yw Pwy","item":"https:\/\/www.cymmrodorion.org\/cy\/y-gymdeithas\/pwy-yw-pwy\/"},{"@type":"ListItem","position":4,"name":"Aelodau Cyngor","item":"https:\/\/www.cymmrodorion.org\/cy\/y-gymdeithas\/pwy-yw-pwy\/aelodau-cyngor\/"},{"@type":"ListItem","position":5,"name":"Tomos Rhys Edwards"}]},{"@type":"WebSite","@id":"https:\/\/www.cymmrodorion.org\/#website","url":"https:\/\/www.cymmrodorion.org\/","name":"Anrhydeddus Gymdeithas y Cymmrodorion","description":"Hyrwyddo iaith, llenyddiaeth, celfyddydau a gwyddoniaeth Cymru","potentialAction":[{"@type":"SearchAction","target":{"@type":"EntryPoint","urlTemplate":"https:\/\/www.cymmrodorion.org\/?s={search_term_string}"},"query-input":{"@type":"PropertyValueSpecification","valueRequired":true,"valueName":"search_term_string"}}],"inLanguage":"cy"}]}},"_links":{"self":[{"href":"https:\/\/www.cymmrodorion.org\/cy\/wp-json\/wp\/v2\/pages\/9207","targetHints":{"allow":["GET"]}}],"collection":[{"href":"https:\/\/www.cymmrodorion.org\/cy\/wp-json\/wp\/v2\/pages"}],"about":[{"href":"https:\/\/www.cymmrodorion.org\/cy\/wp-json\/wp\/v2\/types\/page"}],"author":[{"embeddable":true,"href":"https:\/\/www.cymmrodorion.org\/cy\/wp-json\/wp\/v2\/users\/1"}],"replies":[{"embeddable":true,"href":"https:\/\/www.cymmrodorion.org\/cy\/wp-json\/wp\/v2\/comments?post=9207"}],"version-history":[{"count":0,"href":"https:\/\/www.cymmrodorion.org\/cy\/wp-json\/wp\/v2\/pages\/9207\/revisions"}],"up":[{"embeddable":true,"href":"https:\/\/www.cymmrodorion.org\/cy\/wp-json\/wp\/v2\/pages\/185"}],"wp:featuredmedia":[{"embeddable":true,"href":"https:\/\/www.cymmrodorion.org\/cy\/wp-json\/wp\/v2\/media\/9206"}],"wp:attachment":[{"href":"https:\/\/www.cymmrodorion.org\/cy\/wp-json\/wp\/v2\/media?parent=9207"}],"curies":[{"name":"wp","href":"https:\/\/api.w.org\/{rel}","templated":true}]}}